{"id":536,"date":"2026-02-07T06:38:34","date_gmt":"2026-02-07T06:38:34","guid":{"rendered":"https:\/\/cambresenderismo.es\/?page_id=536"},"modified":"2026-02-07T06:38:34","modified_gmt":"2026-02-07T06:38:34","slug":"informacion-para-el-tratamiento-de-datos-personales-con-finalidad-asociativa","status":"publish","type":"page","link":"https:\/\/cambresenderismo.es\/index.php\/informacion-para-el-tratamiento-de-datos-personales-con-finalidad-asociativa\/","title":{"rendered":"Informaci\u00f3n para el tratamiento de datos personales con finalidad asociativa"},"content":{"rendered":"\n<h1 class=\"wp-block-heading\">Protecci\u00f3n de datos<\/h1>\n\n\n\n<p>Club Cambre Senderismo es el&nbsp;<strong>Responsable del tratamiento<\/strong>&nbsp;de los datos personales del&nbsp;<strong>Interesado<\/strong>&nbsp;y le informa de que estos datos se tratar\u00e1n de conformidad con lo dispuesto en el Reglamento (UE) 2016\/679, de 27 de abril (GDPR), y la Ley Org\u00e1nica 3\/2018, de 5 de diciembre (LOPDGDD), por lo que se le facilita la siguiente informaci\u00f3n del tratamiento:<\/p>\n\n\n\n<p><strong>Fin y legitimaci\u00f3n del tratamiento:<\/strong>&nbsp;mantener una relaci\u00f3n social (por inter\u00e9s leg\u00edtimo del responsable, art. 6.1.f GDPR) y env\u00edo de comunicaciones de productos o servicios (con el consentimiento del interesado, art. 6.1.a GDPR).<\/p>\n\n\n\n<p><strong>Criterios de conservaci\u00f3n de los datos:<\/strong>&nbsp;se conservar\u00e1n durante no m\u00e1s tiempo del necesario para mantener el fin del tratamiento o mientras existan prescripciones legales que dictaminen su custodia y cuando ya no sea necesario para ello, se suprimir\u00e1n con medidas de seguridad adecuadas para garantizar la anonimizaci\u00f3n de los datos o la destrucci\u00f3n total de los mismos.<\/p>\n\n\n\n<p><strong>Comunicaci\u00f3n de los datos:<\/strong>&nbsp;no se comunicar\u00e1n los datos a terceros, salvo obligaci\u00f3n legal.<\/p>\n\n\n\n<p><strong>Derechos que asisten al Interesado:<\/strong><br>\u2013 Derecho a retirar el consentimiento en cualquier momento.<br>\u2013 Derecho de acceso, rectificaci\u00f3n, portabilidad y supresi\u00f3n de sus datos y de limitaci\u00f3n u oposici\u00f3n a su tratamiento.<br>\u2013 Derecho a presentar una reclamaci\u00f3n ante la Autoridad de control (www.aepd.es) si considera que el tratamiento no se ajusta a la normativa vigente.<\/p>\n\n\n\n<p><strong>Datos de contacto para ejercer sus derechos:<\/strong><br>Club Cambre Senderismo. Calle Fco Rodriguez 1A bj \u2013 15679 O Temple<br>(A Coru\u00f1a). Email:&nbsp;<a href=\"mailto:cambresenderismo@gmail.com\">cambresenderismo@gmail.com<\/a><\/p>\n","protected":false},"excerpt":{"rendered":"<p>Protecci\u00f3n de datos Club Cambre Senderismo es el&nbsp;Responsable del tratamiento&nbsp;de los datos personales del&nbsp;Interesado&nbsp;y le informa de que<\/p>\n","protected":false},"author":1,"featured_media":0,"parent":0,"menu_order":0,"comment_status":"closed","ping_status":"closed","template":"","meta":{"footnotes":""},"class_list":["post-536","page","type-page","status-publish","hentry"],"_links":{"self":[{"href":"https:\/\/cambresenderismo.es\/index.php\/wp-json\/wp\/v2\/pages\/536","targetHints":{"allow":["GET"]}}],"collection":[{"href":"https:\/\/cambresenderismo.es\/index.php\/wp-json\/wp\/v2\/pages"}],"about":[{"href":"https:\/\/cambresenderismo.es\/index.php\/wp-json\/wp\/v2\/types\/page"}],"author":[{"embeddable":true,"href":"https:\/\/cambresenderismo.es\/index.php\/wp-json\/wp\/v2\/users\/1"}],"replies":[{"embeddable":true,"href":"https:\/\/cambresenderismo.es\/index.php\/wp-json\/wp\/v2\/comments?post=536"}],"version-history":[{"count":1,"href":"https:\/\/cambresenderismo.es\/index.php\/wp-json\/wp\/v2\/pages\/536\/revisions"}],"predecessor-version":[{"id":537,"href":"https:\/\/cambresenderismo.es\/index.php\/wp-json\/wp\/v2\/pages\/536\/revisions\/537"}],"wp:attachment":[{"href":"https:\/\/cambresenderismo.es\/index.php\/wp-json\/wp\/v2\/media?parent=536"}],"curies":[{"name":"wp","href":"https:\/\/api.w.org\/{rel}","templated":true}]}}