{"id":494,"date":"2026-02-06T15:23:58","date_gmt":"2026-02-06T15:23:58","guid":{"rendered":"https:\/\/cambresenderismo.es\/?page_id=494"},"modified":"2026-02-06T15:23:58","modified_gmt":"2026-02-06T15:23:58","slug":"donativos","status":"publish","type":"page","link":"https:\/\/cambresenderismo.es\/index.php\/donativos\/","title":{"rendered":"Donativos"},"content":{"rendered":"\n<h1 class=\"wp-block-heading\">Donativos<\/h1>\n\n\n\n<p>El Club Cambre senderismo es una\u00a0<strong>asociaci\u00f3n sin \u00e1nimo de lucro<\/strong>\u00a0que\u00a0para hacer frente a los gastos propios de su actividad\u00a0s\u00f3lo dispone de las aportaciones de las cuotas de los socios y las aportaciones voluntarias de los simpatizantes.<\/p>\n\n\n\n<p>Con el \u00fanico inter\u00e9s de fomentar la pr\u00e1ctica del senderismo y dar a conocer nuestro&nbsp;patrimonio natural, el club organiza distintas actividades relacionadas con la monta\u00f1a (charlas, talleres, excursiones\u2026), que conllevan un gasto extra. Para sufragar&nbsp;esos gastos y poder seguir realizando la labor que hasta la fecha venimos desempe\u00f1ando hemos habilitado este apartado.<\/p>\n\n\n\n<p>Adem\u00e1s de estos gastos \u00abextra\u00bb, el Club debe asumir el pago de dos p\u00f3lizas de seguro para las salidas a la monta\u00f1a;&nbsp;un seguro de Responsabilidad Civil y un seguro de Accidentes que la Ley del&nbsp;Deporte de la Comunidad Valenciana nos obliga a contratar para todos los participantes.<\/p>\n\n\n\n<p>Cada vez que acudas a una actividad y hagas un donativo estar\u00e1s colaborando en el pago de esa p\u00f3liza que el club pone a tu disposici\u00f3n para que puedas participar en la actividad, garantizando con ese donativo la pervivencia de esas plazas para actividades futuras y con ello la posibilidad de que puedas volver a participar.<\/p>\n\n\n\n<p>Para los que por circunstancias no pod\u00e9is participar en las actividades o vuestra situaci\u00f3n no os permite ayudarnos como os gustar\u00eda, existen muchas formas de echarnos una mano para&nbsp;seguir avanzando; desde compartir nuestro&nbsp;blog&nbsp;en las redes sociales hasta ayudarnos con una peque\u00f1a aportaci\u00f3n econ\u00f3mica. Para cumplir con la trasparencia que todos merec\u00e9is, no aceptamos donativos en mano.<\/p>\n\n\n\n<p>Si quieres aportar tu granito de arena, puedes hacer un donativo mediante esta plataforma o mediante transferencia bancaria, haciendo constar en el asunto de la operaci\u00f3n \u00abdonativo + tu nombre\u00bb. Por cuestiones de gastos y comisiones el donativo m\u00ednimo que puedes hacer es de 4,50 euros, y el m\u00e1ximo donativo que aceptamos es de 20 euros.<\/p>\n\n\n\n<p>Debes Identificarte para poder realizar una donaci\u00f3n.<\/p>\n","protected":false},"excerpt":{"rendered":"<p>Donativos El Club Cambre senderismo es una\u00a0asociaci\u00f3n sin \u00e1nimo de lucro\u00a0que\u00a0para hacer frente a los gastos propios de<\/p>\n","protected":false},"author":1,"featured_media":0,"parent":0,"menu_order":0,"comment_status":"closed","ping_status":"closed","template":"","meta":{"footnotes":""},"class_list":["post-494","page","type-page","status-publish","hentry"],"_links":{"self":[{"href":"https:\/\/cambresenderismo.es\/index.php\/wp-json\/wp\/v2\/pages\/494","targetHints":{"allow":["GET"]}}],"collection":[{"href":"https:\/\/cambresenderismo.es\/index.php\/wp-json\/wp\/v2\/pages"}],"about":[{"href":"https:\/\/cambresenderismo.es\/index.php\/wp-json\/wp\/v2\/types\/page"}],"author":[{"embeddable":true,"href":"https:\/\/cambresenderismo.es\/index.php\/wp-json\/wp\/v2\/users\/1"}],"replies":[{"embeddable":true,"href":"https:\/\/cambresenderismo.es\/index.php\/wp-json\/wp\/v2\/comments?post=494"}],"version-history":[{"count":1,"href":"https:\/\/cambresenderismo.es\/index.php\/wp-json\/wp\/v2\/pages\/494\/revisions"}],"predecessor-version":[{"id":495,"href":"https:\/\/cambresenderismo.es\/index.php\/wp-json\/wp\/v2\/pages\/494\/revisions\/495"}],"wp:attachment":[{"href":"https:\/\/cambresenderismo.es\/index.php\/wp-json\/wp\/v2\/media?parent=494"}],"curies":[{"name":"wp","href":"https:\/\/api.w.org\/{rel}","templated":true}]}}