{"id":492,"date":"2026-02-06T15:20:28","date_gmt":"2026-02-06T15:20:28","guid":{"rendered":"https:\/\/cambresenderismo.es\/?page_id=492"},"modified":"2026-03-15T19:50:15","modified_gmt":"2026-03-15T19:50:15","slug":"socios-y-simpatizantes-2","status":"publish","type":"page","link":"https:\/\/cambresenderismo.es\/index.php\/socios-y-simpatizantes-2\/","title":{"rendered":"Socios y simpatizantes"},"content":{"rendered":"\n<h1 class=\"wp-block-heading\">Socios y Simpatizantes<\/h1>\n\n\n\n<p><a href=\"https:\/\/cambresenderismo.es\/index.php\/hazte-socio\/\">\u00a1Quiero hacerme socio!<\/a><\/p>\n\n\n\n<p><strong>LAS VENTAJAS DE SER SOCIO<\/strong><\/p>\n\n\n\n<p>A partir del 10 de enero de 2026, el&nbsp;<em>\u00abClub deportivo Cambre Senderismo\u00bb<\/em>&nbsp;se constituy\u00f3 como Club Deportivo.<\/p>\n\n\n\n<p>En este nuevo marco, se crean unas diferencias como es normal entre asistentes a los eventos del club que no sean socios y los que si lo son.<\/p>\n\n\n\n<p>Una de las principales diferencias se encuentra en la facilidad de inscripci\u00f3n a dichos eventos y la posibilidad de asistir a los actos exclusivos para socios.<\/p>\n\n\n\n<p>Los socios pagan un importe anual por pertenecer al club, ese importe va en funci\u00f3n de la modalidad que se elige al hacer la inscripci\u00f3n.<\/p>\n\n\n\n<p>Para que puedas valorar de un modo u otro tu ingreso en el Club, pasamos a enumerar brevemente las diferencias entre socios (figura de SOCIO\/A en estatutos) y simpatizantes (figura de SIMPATIZANTE en estatutos).<\/p>\n\n\n\n<p><strong>Los Socios:<\/strong><\/p>\n\n\n\n<p>\u2013 Tendr\u00e1n preferencia en las inscripciones de las actividades que se organicen.<\/p>\n\n\n\n<p>\u2013 Los socios tendr\u00e1n derecho a una plaza en las actividades que se realicen, como por ejemplo, cenas, comidas, viajes, talleres, obviamente respetando el orden de inscripci\u00f3n del resto de socios (cuando estas sean limitadas en n\u00famero las plazas se asignar\u00e1n por orden de inscripci\u00f3n hasta agotar las mismas).<\/p>\n\n\n\n<p>\u2013 Precios especiales en Actividades abiertas.<\/p>\n\n\n\n<p>\u2013 Tendr\u00e1n cobertura en el seguro de responsabilidad civil y de accidentes del Club.<\/p>\n\n\n\n<p>\u2013 Tendr\u00e1n derecho a participar en las actividades de hermandad con otros clubs o eventos federativos a los que s\u00f3lo podr\u00e1n asistir los socios como representaci\u00f3n del club.<\/p>\n\n\n\n<p>\u2013 Tendr\u00e1n a los cursos que organicen la FGM y la FEDME.<\/p>\n\n\n\n<p>\u2013 Podr\u00e1n decidir en asamblea sobre el calendario de actividades, proponer rutas, as\u00ed como participar activamente en la preparaci\u00f3n de las mismas y tener voz y voto en todos los temas que sean precisos.<\/p>\n\n\n\n<p>\u2013 Acceso al disfrute de los beneficios de las posibles ayudas que podamos conseguir como club (cursos de formaci\u00f3n, promociones, descuentos en compras y servicios, etc\u2026).<\/p>\n\n\n\n<p><strong>Precios e inscripciones para el 2026:<\/strong><\/p>\n\n\n\n<p>Como te mencion\u00e1bamos antes hay dos modalidades distintas para asociarse, dependiendo de si se es o si se quiere ser federado o si no:<\/p>\n\n\n\n<p><strong>SOCIOS NO FEDERADOS:<\/strong>&nbsp;25 Euros al a\u00f1o.<\/p>\n\n\n\n<p>En el importe est\u00e1 incluida la cuota anual destinada al mantenimiento del Club y al pago del seguro de accidentes y de responsabilidad civil de los socios y socias.<br>Los socios no federados tendr\u00e1n la obligaci\u00f3n de inscribirse previamente a las actividades propuestas con el fin de tramitar sus seguros y pasar el listado a la aseguradora.<\/p>\n\n\n\n<p><strong>SOCIOS FEDERADOS:<\/strong>&nbsp;15 Euros al a\u00f1o.<\/p>\n\n\n\n<p>El coste de esta modalidad es de 15 Euros al a\u00f1o, mas el coste de la licencia federativa. En el caso de no tramitar la licencia a trav\u00e9s del Club deportivo Cambre Senderismo y estar federado a trav\u00e9s de otro club, se deber\u00e1 presentar la licencia en vigor para verificar la inscripci\u00f3n como socio.<\/p>\n\n\n\n<p><a href=\"https:\/\/cambresenderismo.es\/index.php\/hazte-socio\/\">\u00a1Quiero hacerme socio!<\/a><\/p>\n\n\n\n<p><strong>SIMPATIZANTES:<\/strong>&nbsp;Donativo.<\/p>\n\n\n\n<p>Atendiendo las necesidades de todo el mundo, en el momento de creaci\u00f3n del Club decidimos y as\u00ed aprobamos en asamblea constituyente la existencia de un tercer grupo de participantes, los SIMPATIZANTES (figura de SIMPATIZANTE en estatutos), que sin ser socios numerarios pueden participar en aquellas actividades organizadas por el club que no sean exclusivas para socios.<\/p>\n\n\n\n<p>Las plazas para SIMPATIZANTES en cada actividad son muy limitadas, por ese motivo y con el fin de que haya una rotaci\u00f3n en esas plazas y nuevos SIMPATIZANTES puedan conocer al club, los SIMPATIZANTES tienen limitada su participaci\u00f3n a 2 actividades anuales (los menores de edad no tienen esta limitaci\u00f3n).<\/p>\n\n\n\n<p>El Club debe asumir el pago de dos p\u00f3lizas de seguro para las salidas a la monta\u00f1a;&nbsp;un seguro de Responsabilidad Civil y un seguro de Accidentes que la Ley del&nbsp;Deporte de Galicia nos obliga a contratar para todos los participantes, eso incluye a los SIMPATIZANTES.<\/p>\n\n\n\n<p>Cada vez que acudas a una actividad y hagas un donativo estar\u00e1s colaborando en el pago de esa p\u00f3liza que el club pone a tu disposici\u00f3n para que puedas participar en la actividad, garantizando con ese donativo la pervivencia de esas plazas para actividades futuras y con ello la posibilidad de que puedas volver a participar.<\/p>\n\n\n\n<p>Puedes consultar nuestra pol\u00edtica de&nbsp;<a href=\"https:\/\/cambresenderismo.es\/index.php\/donativos\/\">DONATIVOS<\/a>&nbsp;si quieres saber m\u00e1s.<\/p>\n\n\n\n<p>Por cuestiones de organizaci\u00f3n, las plazas para los simpatizantes son siempre de car\u00e1cter limitado.<\/p>\n","protected":false},"excerpt":{"rendered":"<p>Socios y Simpatizantes \u00a1Quiero hacerme socio! LAS VENTAJAS DE SER SOCIO A partir del 10 de enero de<\/p>\n","protected":false},"author":1,"featured_media":0,"parent":0,"menu_order":0,"comment_status":"closed","ping_status":"closed","template":"","meta":{"footnotes":""},"class_list":["post-492","page","type-page","status-publish","hentry"],"_links":{"self":[{"href":"https:\/\/cambresenderismo.es\/index.php\/wp-json\/wp\/v2\/pages\/492","targetHints":{"allow":["GET"]}}],"collection":[{"href":"https:\/\/cambresenderismo.es\/index.php\/wp-json\/wp\/v2\/pages"}],"about":[{"href":"https:\/\/cambresenderismo.es\/index.php\/wp-json\/wp\/v2\/types\/page"}],"author":[{"embeddable":true,"href":"https:\/\/cambresenderismo.es\/index.php\/wp-json\/wp\/v2\/users\/1"}],"replies":[{"embeddable":true,"href":"https:\/\/cambresenderismo.es\/index.php\/wp-json\/wp\/v2\/comments?post=492"}],"version-history":[{"count":5,"href":"https:\/\/cambresenderismo.es\/index.php\/wp-json\/wp\/v2\/pages\/492\/revisions"}],"predecessor-version":[{"id":616,"href":"https:\/\/cambresenderismo.es\/index.php\/wp-json\/wp\/v2\/pages\/492\/revisions\/616"}],"wp:attachment":[{"href":"https:\/\/cambresenderismo.es\/index.php\/wp-json\/wp\/v2\/media?parent=492"}],"curies":[{"name":"wp","href":"https:\/\/api.w.org\/{rel}","templated":true}]}}