{"id":386,"date":"2026-01-15T15:30:02","date_gmt":"2026-01-15T15:30:02","guid":{"rendered":"https:\/\/cambresenderismo.es\/?page_id=386"},"modified":"2026-02-07T07:04:23","modified_gmt":"2026-02-07T07:04:23","slug":"hazte-socio","status":"publish","type":"page","link":"https:\/\/cambresenderismo.es\/index.php\/hazte-socio\/","title":{"rendered":"Hazte Socio"},"content":{"rendered":"\t\t<div data-elementor-type=\"wp-page\" data-elementor-id=\"386\" class=\"elementor elementor-386\">\n\t\t\t\t<div class=\"elementor-element elementor-element-1738a015 e-flex e-con-boxed e-con e-parent\" data-id=\"1738a015\" data-element_type=\"container\" data-e-type=\"container\" data-settings=\"{&quot;background_background&quot;:&quot;classic&quot;}\">\n\t\t\t\t\t<div class=\"e-con-inner\">\n\t\t\t\t<div class=\"elementor-element elementor-element-5c3cf7ff elementor-widget elementor-widget-text-editor\" data-id=\"5c3cf7ff\" data-element_type=\"widget\" data-e-type=\"widget\" data-widget_type=\"text-editor.default\">\n\t\t\t\t\t\t\t\t\t\n<p><\/p>\n<p><strong>Precios e inscripciones para el 2026:<\/strong><\/p>\n<p> <\/p>\n<p>Como te mencion\u00e1bamos antes hay dos modalidades distintas para asociarse, dependiendo de si se es o si se quiere ser federado o si no:<\/p>\n<p> <\/p>\n<p><strong>SOCIOS NO FEDERADOS:<\/strong>\u00a025 Euros al a\u00f1o.<\/p>\n<p> <\/p>\n<p>En el importe est\u00e1 incluida la cuota anual destinada al mantenimiento del Club y al pago del seguro de accidentes y de responsabilidad civil de los socios y socias.<br \/>Los socios no federados tendr\u00e1n la obligaci\u00f3n de inscribirse previamente a las actividades propuestas con el fin de tramitar sus seguros y pasar el listado a la aseguradora.<\/p>\n<p> <\/p>\n<p><strong>SOCIOS FEDERADOS:<\/strong>\u00a015 Euros al a\u00f1o.<\/p>\n<p> <\/p>\n<p>El coste de esta modalidad es de 18 Euros al a\u00f1o, mas el coste de la licencia federativa. En el caso de no tramitar la licencia a trav\u00e9s del Club deportivo Cambre Senderismo y estar federado a trav\u00e9s de otro club, se deber\u00e1 presentar la licencia en vigor para verificar la inscripci\u00f3n como socio.<\/p>\n<p>Una vez recibida la inscripci\u00f3n, enviaremos un correo de confirmaci\u00f3n con el numero de cuenta o el n\u00famero al que hacer bizum.<\/p>\n<p><\/p>\n\n<p>\u00a0<\/p>\n\t\t\t\t\t\t\t\t<\/div>\n\t\t\t\t\t<\/div>\n\t\t\t\t<\/div>\n\t\t<div class=\"elementor-element elementor-element-838fde0 e-flex e-con-boxed e-con e-parent\" data-id=\"838fde0\" data-element_type=\"container\" data-e-type=\"container\" data-settings=\"{&quot;background_background&quot;:&quot;classic&quot;}\">\n\t\t\t\t\t<div class=\"e-con-inner\">\n\t\t\t\t<div class=\"elementor-element elementor-element-06a60ca elementor-widget elementor-widget-wpforms\" data-id=\"06a60ca\" data-element_type=\"widget\" data-e-type=\"widget\" data-widget_type=\"wpforms.default\">\n\t\t\t\t<div class=\"elementor-widget-container\">\n\t\t\t\t\t<div class=\"wpforms-container wpforms-container-full wpforms-render-modern\" id=\"wpforms-480\"><form id=\"wpforms-form-480\" class=\"wpforms-validate wpforms-form wpforms-ajax-form\" data-formid=\"480\" method=\"post\" enctype=\"multipart\/form-data\" action=\"\/index.php\/wp-json\/wp\/v2\/pages\/386\" data-token=\"326d504c8c4c8274755604c89fdb2a01\" data-token-time=\"1778967295\"><noscript class=\"wpforms-error-noscript\">Por favor, activa JavaScript en tu navegador para completar este formulario.<\/noscript><div id=\"wpforms-error-noscript\" style=\"display: none;\">Por favor, activa JavaScript en tu navegador para completar este formulario.<\/div><div class=\"wpforms-field-container\"><div id=\"wpforms-480-field_1-container\" class=\"wpforms-field wpforms-field-name\" data-field-id=\"1\"><label class=\"wpforms-field-label\" for=\"wpforms-480-field_1\">Nombre <span class=\"wpforms-required-label\" aria-hidden=\"true\">*<\/span><\/label><input type=\"text\" id=\"wpforms-480-field_1\" class=\"wpforms-field-medium wpforms-field-required\" name=\"wpforms[fields][1]\" aria-errormessage=\"wpforms-480-field_1-error\" required><\/div><div id=\"wpforms-480-field_10-container\" class=\"wpforms-field wpforms-field-name\" data-field-id=\"10\"><label class=\"wpforms-field-label\" for=\"wpforms-480-field_10\">Apellidos <span class=\"wpforms-required-label\" aria-hidden=\"true\">*<\/span><\/label><input type=\"text\" id=\"wpforms-480-field_10\" class=\"wpforms-field-medium wpforms-field-required\" name=\"wpforms[fields][10]\" aria-errormessage=\"wpforms-480-field_10-error\" required><\/div>\t\t<div id=\"wpforms-480-field_5-container\"\n\t\t\tclass=\"wpforms-field wpforms-field-text\"\n\t\t\tdata-field-type=\"text\"\n\t\t\tdata-field-id=\"5\"\n\t\t\t>\n\t\t\t<label class=\"wpforms-field-label\" for=\"wpforms-480-field_5\" >Provincia Direcci\u00f3n \u00bfEst\u00e1s<\/label>\n\t\t\t<input type=\"text\" id=\"wpforms-480-field_5\" class=\"wpforms-field-medium\" name=\"wpforms[fields][5]\" >\n\t\t<\/div>\n\t\t<div id=\"wpforms-480-field_2-container\" class=\"wpforms-field wpforms-field-text\" data-field-id=\"2\"><label class=\"wpforms-field-label\" for=\"wpforms-480-field_2\">Dni o Nie<\/label><input type=\"text\" id=\"wpforms-480-field_2\" class=\"wpforms-field-medium\" name=\"wpforms[fields][2]\" aria-errormessage=\"wpforms-480-field_2-error\" ><\/div><div id=\"wpforms-480-field_3-container\" class=\"wpforms-field wpforms-field-text\" data-field-id=\"3\"><label class=\"wpforms-field-label\" for=\"wpforms-480-field_3\">Fecha de nacimiento<\/label><input type=\"text\" id=\"wpforms-480-field_3\" class=\"wpforms-field-medium\" name=\"wpforms[fields][3]\" aria-errormessage=\"wpforms-480-field_3-error\" ><\/div><div id=\"wpforms-480-field_4-container\" class=\"wpforms-field wpforms-field-select wpforms-field-select-style-classic\" data-field-id=\"4\"><label class=\"wpforms-field-label\" for=\"wpforms-480-field_4\">G\u00e9nero<\/label><select id=\"wpforms-480-field_4\" class=\"wpforms-field-medium\" name=\"wpforms[fields][4]\"><option value=\"\" class=\"placeholder\" disabled  selected='selected'>- Selecciona -<\/option><option value=\"Masculino\"  class=\"choice-1 depth-1\"  >Masculino<\/option><option value=\"Femenino\"  class=\"choice-2 depth-1\"  >Femenino<\/option><option value=\"Otro\"  class=\"choice-3 depth-1\"  >Otro<\/option><\/select><\/div><div id=\"wpforms-480-field_13-container\" class=\"wpforms-field wpforms-field-number\" data-field-id=\"13\"><label class=\"wpforms-field-label\" for=\"wpforms-480-field_13\">Tel\u00e9fono <span class=\"wpforms-required-label\" aria-hidden=\"true\">*<\/span><\/label><input type=\"number\" id=\"wpforms-480-field_13\" class=\"wpforms-field-medium wpforms-field-required\" name=\"wpforms[fields][13]\" step=\"any\" aria-errormessage=\"wpforms-480-field_13-error\" required><\/div><div id=\"wpforms-480-field_8-container\" class=\"wpforms-field wpforms-field-email\" data-field-id=\"8\"><label class=\"wpforms-field-label\" for=\"wpforms-480-field_8\">Email <span class=\"wpforms-required-label\" aria-hidden=\"true\">*<\/span><\/label><input type=\"email\" id=\"wpforms-480-field_8\" class=\"wpforms-field-medium wpforms-field-required\" name=\"wpforms[fields][8]\" spellcheck=\"false\" aria-errormessage=\"wpforms-480-field_8-error\" required><\/div><div id=\"wpforms-480-field_6-container\" class=\"wpforms-field wpforms-field-textarea\" data-field-id=\"6\"><label class=\"wpforms-field-label\" for=\"wpforms-480-field_6\">Direcci\u00f3n<\/label><textarea id=\"wpforms-480-field_6\" class=\"wpforms-field-medium\" name=\"wpforms[fields][6]\" aria-errormessage=\"wpforms-480-field_6-error\" ><\/textarea><\/div><div id=\"wpforms-480-field_9-container\" class=\"wpforms-field wpforms-field-text\" data-field-id=\"9\"><label class=\"wpforms-field-label\" for=\"wpforms-480-field_9\">Provincia<\/label><input type=\"text\" id=\"wpforms-480-field_9\" class=\"wpforms-field-medium\" name=\"wpforms[fields][9]\" aria-errormessage=\"wpforms-480-field_9-error\" ><\/div><div id=\"wpforms-480-field_11-container\" class=\"wpforms-field wpforms-field-radio\" data-field-id=\"11\"><fieldset><legend class=\"wpforms-field-label\">\u00bfEst\u00e1s Federad@?<\/legend><ul id=\"wpforms-480-field_11\"><li class=\"choice-1 depth-1\"><input type=\"radio\" id=\"wpforms-480-field_11_1\" name=\"wpforms[fields][11]\" value=\"Si\" aria-errormessage=\"wpforms-480-field_11_1-error\"  ><label class=\"wpforms-field-label-inline\" for=\"wpforms-480-field_11_1\">Si<\/label><\/li><li class=\"choice-2 depth-1\"><input type=\"radio\" id=\"wpforms-480-field_11_2\" name=\"wpforms[fields][11]\" value=\"No\" aria-errormessage=\"wpforms-480-field_11_2-error\"  ><label class=\"wpforms-field-label-inline\" for=\"wpforms-480-field_11_2\">No<\/label><\/li><li class=\"choice-3 depth-1\"><input type=\"radio\" id=\"wpforms-480-field_11_3\" name=\"wpforms[fields][11]\" value=\"Quiero federarme a traves de Cambre Senderismo\" aria-errormessage=\"wpforms-480-field_11_3-error\"  ><label class=\"wpforms-field-label-inline\" for=\"wpforms-480-field_11_3\">Quiero federarme a traves de Cambre Senderismo<\/label><\/li><\/ul><\/fieldset><\/div><div id=\"wpforms-480-field_12-container\" class=\"wpforms-field wpforms-field-radio\" data-field-id=\"12\"><fieldset><legend class=\"wpforms-field-label\">Aceptas la politica de protecci\u00f3n de datos <span class=\"wpforms-required-label\" aria-hidden=\"true\">*<\/span><\/legend><ul id=\"wpforms-480-field_12\" class=\"wpforms-field-required\"><li class=\"choice-2 depth-1\"><input type=\"radio\" id=\"wpforms-480-field_12_2\" name=\"wpforms[fields][12]\" value=\"Si\" aria-errormessage=\"wpforms-480-field_12_2-error\" aria-describedby=\"wpforms-480-field_12-description\" required ><label class=\"wpforms-field-label-inline\" for=\"wpforms-480-field_12_2\">Si<\/label><\/li><li class=\"choice-3 depth-1\"><input type=\"radio\" id=\"wpforms-480-field_12_3\" name=\"wpforms[fields][12]\" value=\"No\" aria-errormessage=\"wpforms-480-field_12_3-error\" aria-describedby=\"wpforms-480-field_12-description\" required ><label class=\"wpforms-field-label-inline\" for=\"wpforms-480-field_12_3\">No<\/label><\/li><\/ul><div id=\"wpforms-480-field_12-description\" class=\"wpforms-field-description\"><a href=\"https:\/\/cambresenderismo.es\/index.php\/informacion-para-el-tratamiento-de-datos-personales-con-finalidad-asociativa\/\">Leer protecci\u00f3n datos<\/a><\/div><\/fieldset><\/div><script>\n\t\t\t\t( function() {\n\t\t\t\t\tconst style = document.createElement( 'style' );\n\t\t\t\t\tstyle.appendChild( document.createTextNode( '#wpforms-480-field_5-container { position: absolute !important; overflow: hidden !important; display: inline !important; height: 1px !important; width: 1px !important; z-index: -1000 !important; padding: 0 !important; } #wpforms-480-field_5-container input { visibility: hidden; } #wpforms-conversational-form-page #wpforms-480-field_5-container label { counter-increment: none; }' ) );\n\t\t\t\t\tdocument.head.appendChild( style );\n\t\t\t\t\tdocument.currentScript?.remove();\n\t\t\t\t} )();\n\t\t\t<\/script><\/div><!-- .wpforms-field-container --><div class=\"wpforms-submit-container\" ><input type=\"hidden\" name=\"wpforms[id]\" value=\"480\"><input type=\"hidden\" name=\"page_title\" value=\"\"><input type=\"hidden\" name=\"page_url\" value=\"https:\/\/cambresenderismo.es\/index.php\/wp-json\/wp\/v2\/pages\/386\"><input type=\"hidden\" name=\"url_referer\" value=\"\"><button type=\"submit\" name=\"wpforms[submit]\" id=\"wpforms-submit-480\" class=\"wpforms-submit\" data-alt-text=\"Enviando...\" data-submit-text=\"Enviar\" aria-live=\"assertive\" value=\"wpforms-submit\">Enviar<\/button><img decoding=\"async\" src=\"https:\/\/cambresenderismo.es\/wp-content\/plugins\/wpforms-lite\/assets\/images\/submit-spin.svg\" class=\"wpforms-submit-spinner\" style=\"display: none;\" width=\"26\" height=\"26\" alt=\"Cargando\"><\/div><\/form><\/div>  <!-- .wpforms-container -->\t\t\t\t<\/div>\n\t\t\t\t<\/div>\n\t\t\t\t\t<\/div>\n\t\t\t\t<\/div>\n\t\t<div class=\"elementor-element elementor-element-c3f0439 e-flex e-con-boxed e-con e-parent\" data-id=\"c3f0439\" data-element_type=\"container\" data-e-type=\"container\">\n\t\t\t\t\t<div class=\"e-con-inner\">\n\t\t\t\t<div class=\"elementor-element elementor-element-b519310 elementor-widget elementor-widget-text-editor\" data-id=\"b519310\" data-element_type=\"widget\" data-e-type=\"widget\" data-widget_type=\"text-editor.default\">\n\t\t\t\t\t\t\t\t\t<h3 class=\"post-title entry-title\">Licencias Soci@s<\/h3>\n<div class=\"post-header\">\n<div class=\"post-header-line-1\">\u00a0<\/div>\n<\/div>\n<div id=\"post-body-8075392279515660930\" class=\"post-body entry-content\">\n<p>La Federaci\u00f3n Gallega de Monta\u00f1ismo publico el\u00a0 <b><i><u>precio de las licencias del 2026<\/u><\/i><\/b> y se mantienen las mejoras econ\u00f3micas para infantiles y juveniles, que en el momento que acrediten tener padre o madre federad@, obtendr\u00e1n un descuento en el precio del seguro.<\/p>\n<div class=\"separator\"><a href=\"https:\/\/blogger.googleusercontent.com\/img\/b\/R29vZ2xl\/AVvXsEi4hGIimzsxRveIPsTyfMULhKX9MPADeCcFevgmXeZAa9fVfnr2-xWF_XxUbCWXt5E-c0vojSFrjA2_HFNq2Lq0fTCsfqC4SWCT-LLoy3jAkN5-l6Mf1prNCPcWf5OM2EsugYPhElAC20Aw_bCvZxHrvc-MeN1h9NHCi4Bb_GVY1PLU2f9wJTJDUshuRzg\/s1600\/LICENZA-FEDME-2026_page-0001.jpg\"><img decoding=\"async\" src=\"https:\/\/blogger.googleusercontent.com\/img\/b\/R29vZ2xl\/AVvXsEi4hGIimzsxRveIPsTyfMULhKX9MPADeCcFevgmXeZAa9fVfnr2-xWF_XxUbCWXt5E-c0vojSFrjA2_HFNq2Lq0fTCsfqC4SWCT-LLoy3jAkN5-l6Mf1prNCPcWf5OM2EsugYPhElAC20Aw_bCvZxHrvc-MeN1h9NHCi4Bb_GVY1PLU2f9wJTJDUshuRzg\/s1600\/LICENZA-FEDME-2026_page-0001.jpg\" alt=\"\" border=\"0\" data-original-height=\"707\" data-original-width=\"1000\" \/><\/a><\/div>\n<div class=\"separator\"><a href=\"https:\/\/blogger.googleusercontent.com\/img\/b\/R29vZ2xl\/AVvXsEh_Fz_AjFopddlGuKiRwALT57pT1aFCgASQuGzIPGwWt4IXb-Ovx-AZSE8Q4wml65rc30KxSTFfLD2-meAABFOTrkf4jCKYTjdgThZFRcr7ruAWPKKKo07YBbObdvHCyg3QYRjBsd0I6IZoyTaIm0GlMB_uAAGRr736b3ajgs8DVF99GYFmzb4UGGa0PtE\/s1600\/LICENZA-FEDME-2026_page-0002.jpg\"><img decoding=\"async\" src=\"https:\/\/blogger.googleusercontent.com\/img\/b\/R29vZ2xl\/AVvXsEh_Fz_AjFopddlGuKiRwALT57pT1aFCgASQuGzIPGwWt4IXb-Ovx-AZSE8Q4wml65rc30KxSTFfLD2-meAABFOTrkf4jCKYTjdgThZFRcr7ruAWPKKKo07YBbObdvHCyg3QYRjBsd0I6IZoyTaIm0GlMB_uAAGRr736b3ajgs8DVF99GYFmzb4UGGa0PtE\/s1600\/LICENZA-FEDME-2026_page-0002.jpg\" alt=\"\" border=\"0\" data-original-height=\"707\" data-original-width=\"1000\" \/><\/a><\/div>\n<div class=\"separator\"><a href=\"https:\/\/blogger.googleusercontent.com\/img\/b\/R29vZ2xl\/AVvXsEjXJgyM75hgLp4WW7DJe940nBS4Vit8CC2wRmIvRh1cXV_19kRO2noIJS4ReZAd1_icmo87xXYisHmmYdvwK9ASPiCp8nTaJV1WFinLps_e9Xu5FXHHhphwq4tG4a26MzRShIgzEWSyi065O4aPiW2nZstxkmfySblY1cyaS6QzGW9wFQRkWJkcAT7Ld54\/s1600\/LICENZA-FGM-2026_page-0001.jpg\"><img decoding=\"async\" src=\"https:\/\/blogger.googleusercontent.com\/img\/b\/R29vZ2xl\/AVvXsEjXJgyM75hgLp4WW7DJe940nBS4Vit8CC2wRmIvRh1cXV_19kRO2noIJS4ReZAd1_icmo87xXYisHmmYdvwK9ASPiCp8nTaJV1WFinLps_e9Xu5FXHHhphwq4tG4a26MzRShIgzEWSyi065O4aPiW2nZstxkmfySblY1cyaS6QzGW9wFQRkWJkcAT7Ld54\/s1600\/LICENZA-FGM-2026_page-0001.jpg\" alt=\"\" border=\"0\" data-original-height=\"707\" data-original-width=\"1000\" \/><\/a><\/div>\n<div class=\"separator\"><a href=\"https:\/\/blogger.googleusercontent.com\/img\/b\/R29vZ2xl\/AVvXsEi3gLGs5zdwKqmxodZlGHftdapaGYQaeD5DzB3x-JJ1zZeppWw28_ESXGWNe4c8BXHSOguZtXunNEJ2NXLwupxD1EuDMHuOf8oG7f-30bsrVY0h6oQfxFhr0USFVngwBB51xQ1SSStbdVptaWlPLahyphenhyphenNHe_D2MhL7v2ACRacKQpJVWjrK4GADARYUZjWTs\/s1600\/LICENZA-FGM-2026_page-0002.jpg\"><img decoding=\"async\" src=\"https:\/\/blogger.googleusercontent.com\/img\/b\/R29vZ2xl\/AVvXsEi3gLGs5zdwKqmxodZlGHftdapaGYQaeD5DzB3x-JJ1zZeppWw28_ESXGWNe4c8BXHSOguZtXunNEJ2NXLwupxD1EuDMHuOf8oG7f-30bsrVY0h6oQfxFhr0USFVngwBB51xQ1SSStbdVptaWlPLahyphenhyphenNHe_D2MhL7v2ACRacKQpJVWjrK4GADARYUZjWTs\/s1600\/LICENZA-FGM-2026_page-0002.jpg\" alt=\"\" border=\"0\" data-original-height=\"707\" data-original-width=\"1000\" \/><\/a><\/div>\n<div>\u00a0<\/div>\n<p>Las licencias no se entregar\u00e1n por correo postal.<\/p>\n<\/div>\t\t\t\t\t\t\t\t<\/div>\n\t\t\t\t\t<\/div>\n\t\t\t\t<\/div>\n\t\t\t\t<\/div>\n\t\t","protected":false},"excerpt":{"rendered":"<p>Precios e inscripciones para el 2026: Como te mencion\u00e1bamos antes hay dos modalidades distintas para asociarse, dependiendo de<\/p>\n","protected":false},"author":1,"featured_media":0,"parent":0,"menu_order":0,"comment_status":"closed","ping_status":"closed","template":"","meta":{"footnotes":""},"class_list":["post-386","page","type-page","status-publish","hentry"],"_links":{"self":[{"href":"https:\/\/cambresenderismo.es\/index.php\/wp-json\/wp\/v2\/pages\/386","targetHints":{"allow":["GET"]}}],"collection":[{"href":"https:\/\/cambresenderismo.es\/index.php\/wp-json\/wp\/v2\/pages"}],"about":[{"href":"https:\/\/cambresenderismo.es\/index.php\/wp-json\/wp\/v2\/types\/page"}],"author":[{"embeddable":true,"href":"https:\/\/cambresenderismo.es\/index.php\/wp-json\/wp\/v2\/users\/1"}],"replies":[{"embeddable":true,"href":"https:\/\/cambresenderismo.es\/index.php\/wp-json\/wp\/v2\/comments?post=386"}],"version-history":[{"count":27,"href":"https:\/\/cambresenderismo.es\/index.php\/wp-json\/wp\/v2\/pages\/386\/revisions"}],"predecessor-version":[{"id":550,"href":"https:\/\/cambresenderismo.es\/index.php\/wp-json\/wp\/v2\/pages\/386\/revisions\/550"}],"wp:attachment":[{"href":"https:\/\/cambresenderismo.es\/index.php\/wp-json\/wp\/v2\/media?parent=386"}],"curies":[{"name":"wp","href":"https:\/\/api.w.org\/{rel}","templated":true}]}}